{"id":62,"date":"2024-05-05T19:17:13","date_gmt":"2024-05-05T19:17:13","guid":{"rendered":"http:\/\/birmans-photography.de\/?page_id=62"},"modified":"2024-11-24T14:16:18","modified_gmt":"2024-11-24T14:16:18","slug":"ueber-mich","status":"publish","type":"page","link":"https:\/\/birmans-photography.de\/?page_id=62","title":{"rendered":"Julia Birmans"},"content":{"rendered":"\n<h1 class=\"wp-block-heading has-medium-font-size\">Fotografie und Kunst<\/h1>\n\n\n\n<p>Ich bin seid 2019 zur\u00fcck, als freiberufliche Fotografin und Dozentin f\u00fcr Kunst und Handwerk, nachdem ich \u00fcber 20 Jahre auch andere Berufe &#8222;bereist&#8220; habe.<\/p>\n\n\n\n<p>Meine Vorliebe f\u00fcr Nat\u00fcrlichkeit, spiegelt sich &#8211; nebst meiner offenen  Art &#8211; vor allem in meiner Arbeit wider. Meine Bilder haben den Anspruch echt und authentisch zu sein. Der direkte Kontakt zu meinen Auftraggeber:innen ist mir wichtig. Nur so kann ich auf die unterschiedlichen W\u00fcnsche eingehen und den Menschen dahinter kennen lernen. Schwerpunkte liegen in den Bereichen der People-Fotografie, Lifestyle und Reportage: Disziplinen, in denen es besonders um Nat\u00fcrlichkeit und Authentizit\u00e4t geht. Einen zweiter Schwerpunkt bilden die Disziplinen Stilllife und Industriefotografie in der ich lange zu Hause war. Heute arbeite ich in diesen Bereichen in Kooperation mit einem Kollegen.<\/p>\n\n\n\n<h3 class=\"wp-block-heading\"><strong>Vita<\/strong><\/h3>\n\n\n\n<p><strong>2005 bis heute: Fotografin<\/strong><\/p>\n\n\n\n<p><strong>2018 bis heute: Freischaffende K\u00fcnstlerin <\/strong><\/p>\n\n\n\n<p><strong>2011 bis 2014:<\/strong> <strong>Studium<\/strong> <strong>Medienkulturwissenschaften und Theater, Ethnologie<\/strong><\/p>\n\n\n\n<p><strong>2009 bis 2011:<\/strong> <strong>Fotografie und Assistenzen in Essen, D\u00fcsseldorf<\/strong> <strong>und Aachen<\/strong><\/p>\n\n\n\n<p><strong>2007 bis 2009: Reise durch die Welt<\/strong><\/p>\n\n\n\n<p><strong>2005 bis 2007: Assistenzzeit in Offenbach und Frankfurt<\/strong><\/p>\n\n\n\n<p><strong>2002 bis 2005:<\/strong> <strong>Ausbildung in der Werbefotografie<\/strong><\/p>\n\n\n\n<p><strong>1982: geboren in Aachen<\/strong><\/p>\n\n\n\n<figure class=\"wp-block-gallery has-nested-images columns-default is-cropped wp-block-gallery-2 is-layout-flex wp-block-gallery-is-layout-flex\">\n<figure class=\"wp-block-image size-large\"><img loading=\"lazy\" decoding=\"async\" width=\"1024\" height=\"1024\" data-id=\"383\" src=\"https:\/\/birmans-photography.de\/wp-content\/uploads\/2023\/01\/Profilbild-8566-klein-1024x1024.jpg\" alt=\"\" class=\"wp-image-383\" srcset=\"https:\/\/birmans-photography.de\/wp-content\/uploads\/2023\/01\/Profilbild-8566-klein-1024x1024.jpg 1024w, https:\/\/birmans-photography.de\/wp-content\/uploads\/2023\/01\/Profilbild-8566-klein-300x300.jpg 300w, https:\/\/birmans-photography.de\/wp-content\/uploads\/2023\/01\/Profilbild-8566-klein-150x150.jpg 150w, https:\/\/birmans-photography.de\/wp-content\/uploads\/2023\/01\/Profilbild-8566-klein-768x768.jpg 768w, https:\/\/birmans-photography.de\/wp-content\/uploads\/2023\/01\/Profilbild-8566-klein-50x50.jpg 50w, https:\/\/birmans-photography.de\/wp-content\/uploads\/2023\/01\/Profilbild-8566-klein.jpg 1134w\" sizes=\"auto, (max-width: 1024px) 100vw, 1024px\" \/><\/figure>\n<\/figure>\n","protected":false},"excerpt":{"rendered":"<p>Fotografie und Kunst Ich bin seid 2019 zur\u00fcck, als freiberufliche Fotografin und Dozentin f\u00fcr Kunst und Handwerk, nachdem ich \u00fcber 20 Jahre auch andere Berufe &#8222;bereist&#8220; habe. Meine Vorliebe f\u00fcr Nat\u00fcrlichkeit, spiegelt sich &#8211; nebst meiner offenen Art &#8211; vor allem in meiner Arbeit wider. Meine Bilder haben den Anspruch echt und authentisch zu sein.&hellip; <\/p>\n","protected":false},"author":1,"featured_media":489,"parent":0,"menu_order":0,"comment_status":"closed","ping_status":"closed","template":"","meta":{"footnotes":""},"class_list":["post-62","page","type-page","status-publish","has-post-thumbnail","hentry"],"_links":{"self":[{"href":"https:\/\/birmans-photography.de\/index.php?rest_route=\/wp\/v2\/pages\/62","targetHints":{"allow":["GET"]}}],"collection":[{"href":"https:\/\/birmans-photography.de\/index.php?rest_route=\/wp\/v2\/pages"}],"about":[{"href":"https:\/\/birmans-photography.de\/index.php?rest_route=\/wp\/v2\/types\/page"}],"author":[{"embeddable":true,"href":"https:\/\/birmans-photography.de\/index.php?rest_route=\/wp\/v2\/users\/1"}],"replies":[{"embeddable":true,"href":"https:\/\/birmans-photography.de\/index.php?rest_route=%2Fwp%2Fv2%2Fcomments&post=62"}],"version-history":[{"count":12,"href":"https:\/\/birmans-photography.de\/index.php?rest_route=\/wp\/v2\/pages\/62\/revisions"}],"predecessor-version":[{"id":530,"href":"https:\/\/birmans-photography.de\/index.php?rest_route=\/wp\/v2\/pages\/62\/revisions\/530"}],"wp:featuredmedia":[{"embeddable":true,"href":"https:\/\/birmans-photography.de\/index.php?rest_route=\/wp\/v2\/media\/489"}],"wp:attachment":[{"href":"https:\/\/birmans-photography.de\/index.php?rest_route=%2Fwp%2Fv2%2Fmedia&parent=62"}],"curies":[{"name":"wp","href":"https:\/\/api.w.org\/{rel}","templated":true}]}}